{"id":18,"date":"2022-11-28T17:10:27","date_gmt":"2022-11-28T20:10:27","guid":{"rendered":"http:\/\/www.ewclick-testing.com.ar\/3pro8975\/?page_id=18"},"modified":"2024-05-23T15:15:46","modified_gmt":"2024-05-23T18:15:46","slug":"sistema-logosofico-de-educacion","status":"publish","type":"page","link":"http:\/\/www.ewclick-testing.com.ar\/3pro8975\/sistema-logosofico-de-educacion\/","title":{"rendered":"Sistema Logos\u00f3fico de Educaci\u00f3n"},"content":{"rendered":"<p>[et_pb_section fb_built=\"1&#8243; admin_label=\"section\" _builder_version=\"4.16&#8243; custom_padding=\"||14px|||\" global_colors_info=\"{}\" da_is_popup=\"off\" da_exit_intent=\"off\" da_has_close=\"on\" da_alt_close=\"off\" da_dark_close=\"off\" da_not_modal=\"on\" da_is_singular=\"off\" da_with_loader=\"off\" da_has_shadow=\"on\" da_disable_devices=\"off|off|off\"][et_pb_row _builder_version=\"4.19.1&#8243; _module_preset=\"default\" min_height=\"93px\" custom_margin=\"-15px|auto|-15px|auto|true|\" custom_margin_tablet=\"25px||||false|false\" custom_margin_phone=\"25px||||false|false\" custom_margin_last_edited=\"on|phone\" custom_padding=\"30px||17px|||\" global_colors_info=\"{}\"][et_pb_column type=\"4_4&#8243; _builder_version=\"4.19.1&#8243; _module_preset=\"default\" global_colors_info=\"{}\"][et_pb_text _builder_version=\"4.19.1&#8243; _module_preset=\"default\" text_font=\"Open Sans||||||||\" text_text_color=\"#E02B20&#8243; header_text_color=\"#A4E237&#8243; header_font_size=\"11px\" header_letter_spacing=\"5px\" header_3_text_color=\"#E09900&#8243; min_height=\"3px\" custom_margin=\"||2px|3px|false|false\" custom_padding=\"3px||0px||false|false\" locked=\"off\" global_colors_info=\"{}\"]<\/p>\n<h1 style=\"text-align: center;\"><span style=\"color: #12326e;\"><strong>PEDAGOG\u00cdA LOGOS\u00d3FICA<\/strong><\/span><\/h1>\n<h1 style=\"text-align: center;\"><\/h1>\n<p>[\/et_pb_text][et_pb_text _builder_version=\"4.19.1&#8243; _module_preset=\"default\" text_font=\"Open Sans||||||||\" text_text_color=\"#12326E\" min_height=\"3px\" custom_margin=\"-11px||2px|||\" custom_padding=\"0px|||||\" locked=\"off\" global_colors_info=\"{}\"]<\/p>\n<h1 style=\"text-align: center;\"><span style=\"color: #12326e;\"><strong>SISTEMA LOGOS\u00d3FICO DE EDUCACI\u00d3N<\/strong><\/span><\/h1>\n<h1 style=\"text-align: center;\"><\/h1>\n<p>[\/et_pb_text][\/et_pb_column][\/et_pb_row][\/et_pb_section][et_pb_section fb_built=\"1&#8243; admin_label=\"About\" _builder_version=\"4.16&#8243; custom_padding=\"0px||225px|||\" global_colors_info=\"{}\" da_is_popup=\"off\" da_exit_intent=\"off\" da_has_close=\"on\" da_alt_close=\"off\" da_dark_close=\"off\" da_not_modal=\"on\" da_is_singular=\"off\" da_with_loader=\"off\" da_has_shadow=\"on\" da_disable_devices=\"off|off|off\"][et_pb_row _builder_version=\"4.19.1&#8243; background_color=\"RGBA(255,255,255,0)\" custom_padding=\"7px|0px|0|0px|false|false\" global_colors_info=\"{}\"][et_pb_column type=\"4_4&#8243; _builder_version=\"4.16&#8243; custom_padding=\"|||\" global_colors_info=\"{}\" custom_padding__hover=\"|||\"][et_pb_image src=\"http:\/\/www.ewclick-testing.com.ar\/3pro8975\/wp-content\/uploads\/2023\/01\/sl.jpg\" title_text=\"sl\" align_tablet=\"center\" align_phone=\"center\" align_last_edited=\"on|desktop\" _builder_version=\"4.19.1&#8243; custom_padding=\"||0px|||\" border_radii=\"on|9px|9px|9px|9px\" global_colors_info=\"{}\"][\/et_pb_image][\/et_pb_column][\/et_pb_row][et_pb_row admin_label=\"Row\" _builder_version=\"4.20.4&#8243; width=\"86%\" max_width=\"1200px\" max_width_tablet=\"1200px\" max_width_phone=\"1200px\" max_width_last_edited=\"on|phone\" custom_margin=\"-124px|auto||auto|false|false\" custom_padding=\"||60px|||\" border_radii=\"on|8px|8px|8px|8px\" box_shadow_style=\"preset1&#8243; box_shadow_vertical=\"10px\" box_shadow_blur=\"11px\" box_shadow_color=\"rgba(131,0,233,0.13)\" use_custom_width=\"on\" custom_width_px=\"1200px\" locked=\"off\" global_colors_info=\"{}\"][et_pb_column type=\"4_4&#8243; _builder_version=\"4.19.1&#8243; custom_padding=\"|||\" global_colors_info=\"{}\" parallax__hover=\"off\" parallax_method__hover=\"on\" custom_padding__hover=\"|||\"][et_pb_text _builder_version=\"4.19.1&#8243; _module_preset=\"default\" width=\"95.9%\" min_height=\"283px\" custom_margin=\"10px||||false|false\" custom_padding=\"0px|||58px|false|false\" custom_padding_tablet=\"|32px||29px|false|false\" custom_padding_phone=\"|27px||27px|false|false\" custom_padding_last_edited=\"on|phone\" global_colors_info=\"{}\"]<\/p>\n<p style=\"text-align: justify;\">Con m\u00e1s de 60 a\u00f1os de trayectoria, el Sistema Logos\u00f3fico de Educaci\u00f3n, compuesto por once establecimientos educativos en Argentina, Brasil y Uruguay, se destaca por la originalidad de la propuesta pedag\u00f3gica y por la excelencia acad\u00e9mica ofrecida en sus escuelas.<\/p>\n<p style=\"text-align: justify;\">Esta nueva l\u00ednea pedag\u00f3gica ha atra\u00eddo la atenci\u00f3n del ambiente educativo por los resultados obtenidos en el encauce de la formaci\u00f3n mental, moral y espiritual de ni\u00f1os y adolescentes. En los Colegios Logos\u00f3ficos existe un ambiente de afecto y respeto, donde se busca el cultivo de valores esenciales para la vida de sus alumnos, en estrecha integraci\u00f3n con las familias.<\/p>\n<p style=\"text-align: justify;\">En mayo del 2023 se desarrollo el Primer Congreso Internacional de Pedagog\u00eda Logos\u00f3fica, tuvo como objetivo presentar experiencias y resultados de su aplicaci\u00f3n, en una perspectiva de educaci\u00f3n que tiende a la formaci\u00f3n integral del ser humano, en su constituci\u00f3n f\u00edsica, psicol\u00f3gica y espiritual.<\/p>\n<p style=\"text-align: justify;\">Los invitamos a conocer esta propuesta pedag\u00f3gica y a compartir juntos los aspectos fundamentales de nuestra escuela.<\/p>\n<p style=\"text-align: justify;\">Conozca otros links de inter\u00e9s:<\/p>\n<p>[\/et_pb_text][et_pb_text _builder_version=\"4.20.4&#8243; _module_preset=\"default\" text_font=\"|600||on|||||\" text_text_color=\"#8300E9&#8243; custom_margin=\"-9px||||false|false\" custom_padding=\"|||58px|false|false\" custom_padding_tablet=\"|||54px|false|false\" custom_padding_phone=\"|||32px|false|false\" custom_padding_last_edited=\"on|phone\" link_option_url=\"https:\/\/www.colegiologosofico.com.br\" link_option_url_new_window=\"on\" global_colors_info=\"{}\"]<\/p>\n<p>Centros Educativos en Brasil<\/p>\n<p>[\/et_pb_text][et_pb_text _builder_version=\"4.20.4&#8243; _module_preset=\"default\" text_font=\"|600||on|||||\" text_text_color=\"#8300E9&#8243; custom_margin=\"-25px||||false|false\" custom_padding=\"|||58px|false|false\" custom_padding_tablet=\"|||54px|false|false\" custom_padding_phone=\"|||32px|false|false\" custom_padding_last_edited=\"on|phone\" link_option_url=\"https:\/\/logosofico.edu.uy\" link_option_url_new_window=\"on\" global_colors_info=\"{}\"]<\/p>\n<p>Centros Educativos en Uruguay<\/p>\n<p>[\/et_pb_text][et_pb_text _builder_version=\"4.20.4&#8243; _module_preset=\"default\" text_font=\"|600||on|||||\" text_text_color=\"#8300E9&#8243; custom_margin=\"-25px||||false|false\" custom_padding=\"|||58px|false|false\" custom_padding_tablet=\"|||54px|false|false\" custom_padding_phone=\"|||32px|false|false\" custom_padding_last_edited=\"on|phone\" link_option_url=\"https:\/\/logosofia.org.br\/pedagogia-logosofica\" link_option_url_new_window=\"on\" global_colors_info=\"{}\"]<\/p>\n<p>Portal de Pedagog\u00eda Logos\u00f3fica<\/p>\n<p>[\/et_pb_text][et_pb_text _builder_version=\"4.20.4&#8243; _module_preset=\"default\" text_font=\"|600||on|||||\" text_text_color=\"#8300E9&#8243; custom_margin=\"-25px||||false|false\" custom_padding=\"|||58px|false|false\" custom_padding_tablet=\"|||54px|false|false\" custom_padding_phone=\"|||32px|false|false\" custom_padding_last_edited=\"on|phone\" link_option_url=\"http:\/\/www.ewclick-testing.com.ar\/3pro8975\/wp-content\/uploads\/2023\/03\/Presentacion-1-Congreso-Internacional-de-Pedagogia-Logosofica.pdf\" link_option_url_new_window=\"on\" global_colors_info=\"{}\"]<\/p>\n<p>PResentaci\u00f3n 1\u00b0 Congreso Internacional de Pedagog\u00eda Logos\u00f3fica<\/p>\n<p>[\/et_pb_text][\/et_pb_column][\/et_pb_row][\/et_pb_section]<\/p>\n","protected":false},"excerpt":{"rendered":"<p>PEDAGOG\u00cdA LOGOS\u00d3FICA SISTEMA LOGOS\u00d3FICO DE EDUCACI\u00d3N Con m\u00e1s de 60 a\u00f1os de trayectoria, el Sistema Logos\u00f3fico de Educaci\u00f3n, compuesto por once establecimientos educativos en Argentina, Brasil y Uruguay, se destaca por la originalidad de la propuesta pedag\u00f3gica y por la excelencia acad\u00e9mica ofrecida en sus escuelas. Esta nueva l\u00ednea pedag\u00f3gica ha atra\u00eddo la atenci\u00f3n del [&hellip;]<\/p>\n","protected":false},"author":1,"featured_media":0,"parent":0,"menu_order":0,"comment_status":"closed","ping_status":"closed","template":"","meta":{"_et_pb_use_builder":"on","_et_pb_old_content":"<!-- wp:divi\/placeholder \/-->","_et_gb_content_width":"","footnotes":""},"class_list":["post-18","page","type-page","status-publish","hentry"],"yoast_head":"<!-- This site is optimized with the Yoast SEO plugin v25.6 - https:\/\/yoast.com\/wordpress\/plugins\/seo\/ -->\n<title>Colegio Logos\u00f3fico | Sistema Logos&oacute;fico de Educaci&oacute;n<\/title>\n<meta name=\"description\" content=\"Con m\u00e1s de 54 a\u00f1os de trayectoria, el Sistema Logos\u00f3fico de Educaci\u00f3n se destaca por la originalidad de la propuesta pedag\u00f3gica y excelencia.\" \/>\n<meta name=\"robots\" content=\"index, follow, max-snippet:-1, max-image-preview:large, max-video-preview:-1\" \/>\n<link rel=\"canonical\" href=\"http:\/\/www.ewclick-testing.com.ar\/3pro8975\/sistema-logosofico-de-educacion\/\" \/>\n<meta property=\"og:locale\" content=\"es_ES\" \/>\n<meta property=\"og:type\" content=\"article\" \/>\n<meta property=\"og:title\" content=\"Colegio Logos\u00f3fico | Sistema Logos&oacute;fico de Educaci&oacute;n\" \/>\n<meta property=\"og:description\" content=\"Con m\u00e1s de 54 a\u00f1os de trayectoria, el Sistema Logos\u00f3fico de Educaci\u00f3n se destaca por la originalidad de la propuesta pedag\u00f3gica y excelencia.\" \/>\n<meta property=\"og:url\" content=\"http:\/\/www.ewclick-testing.com.ar\/3pro8975\/sistema-logosofico-de-educacion\/\" \/>\n<meta property=\"og:site_name\" content=\"Sistema Logos&oacute;fico de Educaci&oacute;n\" \/>\n<meta property=\"article:publisher\" content=\"https:\/\/www.facebook.com\/ColegioLogosoficoGP\" \/>\n<meta property=\"article:modified_time\" content=\"2024-05-23T18:15:46+00:00\" \/>\n<meta property=\"og:image\" content=\"http:\/\/www.ewclick-testing.com.ar\/3pro8975\/wp-content\/uploads\/2023\/11\/logo-land.png\" \/>\n\t<meta property=\"og:image:width\" content=\"317\" \/>\n\t<meta property=\"og:image:height\" content=\"70\" \/>\n\t<meta property=\"og:image:type\" content=\"image\/png\" \/>\n<meta name=\"twitter:card\" content=\"summary_large_image\" \/>\n<meta name=\"twitter:label1\" content=\"Tiempo de lectura\" \/>\n\t<meta name=\"twitter:data1\" content=\"2 minutos\" \/>\n<script type=\"application\/ld+json\" class=\"yoast-schema-graph\">{\"@context\":\"https:\/\/schema.org\",\"@graph\":[{\"@type\":\"WebPage\",\"@id\":\"http:\/\/www.ewclick-testing.com.ar\/3pro8975\/sistema-logosofico-de-educacion\/\",\"url\":\"http:\/\/www.ewclick-testing.com.ar\/3pro8975\/sistema-logosofico-de-educacion\/\",\"name\":\"Colegio Logos\u00f3fico | Sistema Logos&oacute;fico de Educaci&oacute;n\",\"isPartOf\":{\"@id\":\"http:\/\/www.ewclick-testing.com.ar\/3pro8975\/#website\"},\"datePublished\":\"2022-11-28T20:10:27+00:00\",\"dateModified\":\"2024-05-23T18:15:46+00:00\",\"description\":\"Con m\u00e1s de 54 a\u00f1os de trayectoria, el Sistema Logos\u00f3fico de Educaci\u00f3n se destaca por la originalidad de la propuesta pedag\u00f3gica y excelencia.\",\"breadcrumb\":{\"@id\":\"http:\/\/www.ewclick-testing.com.ar\/3pro8975\/sistema-logosofico-de-educacion\/#breadcrumb\"},\"inLanguage\":\"es\",\"potentialAction\":[{\"@type\":\"ReadAction\",\"target\":[\"http:\/\/www.ewclick-testing.com.ar\/3pro8975\/sistema-logosofico-de-educacion\/\"]}]},{\"@type\":\"BreadcrumbList\",\"@id\":\"http:\/\/www.ewclick-testing.com.ar\/3pro8975\/sistema-logosofico-de-educacion\/#breadcrumb\",\"itemListElement\":[{\"@type\":\"ListItem\",\"position\":1,\"name\":\"Portada\",\"item\":\"http:\/\/www.ewclick-testing.com.ar\/3pro8975\/\"},{\"@type\":\"ListItem\",\"position\":2,\"name\":\"Sistema Logos\u00f3fico de Educaci\u00f3n\"}]},{\"@type\":\"WebSite\",\"@id\":\"http:\/\/www.ewclick-testing.com.ar\/3pro8975\/#website\",\"url\":\"http:\/\/www.ewclick-testing.com.ar\/3pro8975\/\",\"name\":\"Colegio Logos\u00f3fico\",\"description\":\"Propuesta de educaci&oacute;n basada en la pedagog&iacute;a logos&oacute;fica\",\"publisher\":{\"@id\":\"http:\/\/www.ewclick-testing.com.ar\/3pro8975\/#organization\"},\"potentialAction\":[{\"@type\":\"SearchAction\",\"target\":{\"@type\":\"EntryPoint\",\"urlTemplate\":\"http:\/\/www.ewclick-testing.com.ar\/3pro8975\/?s={search_term_string}\"},\"query-input\":{\"@type\":\"PropertyValueSpecification\",\"valueRequired\":true,\"valueName\":\"search_term_string\"}}],\"inLanguage\":\"es\"},{\"@type\":\"Organization\",\"@id\":\"http:\/\/www.ewclick-testing.com.ar\/3pro8975\/#organization\",\"name\":\"Colegio Logos\u00f3fico\",\"url\":\"http:\/\/www.ewclick-testing.com.ar\/3pro8975\/\",\"logo\":{\"@type\":\"ImageObject\",\"inLanguage\":\"es\",\"@id\":\"http:\/\/www.ewclick-testing.com.ar\/3pro8975\/#\/schema\/logo\/image\/\",\"url\":\"http:\/\/www.ewclick-testing.com.ar\/3pro8975\/wp-content\/uploads\/2023\/05\/logo.png\",\"contentUrl\":\"http:\/\/www.ewclick-testing.com.ar\/3pro8975\/wp-content\/uploads\/2023\/05\/logo.png\",\"width\":4382,\"height\":970,\"caption\":\"Colegio Logos\u00f3fico\"},\"image\":{\"@id\":\"http:\/\/www.ewclick-testing.com.ar\/3pro8975\/#\/schema\/logo\/image\/\"},\"sameAs\":[\"https:\/\/www.facebook.com\/ColegioLogosoficoGP\",\"https:\/\/www.instagram.com\/colegiologosofico\/\"]}]}<\/script>\n<!-- \/ Yoast SEO plugin. -->","yoast_head_json":{"title":"Colegio Logos\u00f3fico | Sistema Logos&oacute;fico de Educaci&oacute;n","description":"Con m\u00e1s de 54 a\u00f1os de trayectoria, el Sistema Logos\u00f3fico de Educaci\u00f3n se destaca por la originalidad de la propuesta pedag\u00f3gica y excelencia.","robots":{"index":"index","follow":"follow","max-snippet":"max-snippet:-1","max-image-preview":"max-image-preview:large","max-video-preview":"max-video-preview:-1"},"canonical":"http:\/\/www.ewclick-testing.com.ar\/3pro8975\/sistema-logosofico-de-educacion\/","og_locale":"es_ES","og_type":"article","og_title":"Colegio Logos\u00f3fico | Sistema Logos&oacute;fico de Educaci&oacute;n","og_description":"Con m\u00e1s de 54 a\u00f1os de trayectoria, el Sistema Logos\u00f3fico de Educaci\u00f3n se destaca por la originalidad de la propuesta pedag\u00f3gica y excelencia.","og_url":"http:\/\/www.ewclick-testing.com.ar\/3pro8975\/sistema-logosofico-de-educacion\/","og_site_name":"Sistema Logos&oacute;fico de Educaci&oacute;n","article_publisher":"https:\/\/www.facebook.com\/ColegioLogosoficoGP","article_modified_time":"2024-05-23T18:15:46+00:00","og_image":[{"width":317,"height":70,"url":"http:\/\/www.ewclick-testing.com.ar\/3pro8975\/wp-content\/uploads\/2023\/11\/logo-land.png","type":"image\/png"}],"twitter_card":"summary_large_image","twitter_misc":{"Tiempo de lectura":"2 minutos"},"schema":{"@context":"https:\/\/schema.org","@graph":[{"@type":"WebPage","@id":"http:\/\/www.ewclick-testing.com.ar\/3pro8975\/sistema-logosofico-de-educacion\/","url":"http:\/\/www.ewclick-testing.com.ar\/3pro8975\/sistema-logosofico-de-educacion\/","name":"Colegio Logos\u00f3fico | Sistema Logos&oacute;fico de Educaci&oacute;n","isPartOf":{"@id":"http:\/\/www.ewclick-testing.com.ar\/3pro8975\/#website"},"datePublished":"2022-11-28T20:10:27+00:00","dateModified":"2024-05-23T18:15:46+00:00","description":"Con m\u00e1s de 54 a\u00f1os de trayectoria, el Sistema Logos\u00f3fico de Educaci\u00f3n se destaca por la originalidad de la propuesta pedag\u00f3gica y excelencia.","breadcrumb":{"@id":"http:\/\/www.ewclick-testing.com.ar\/3pro8975\/sistema-logosofico-de-educacion\/#breadcrumb"},"inLanguage":"es","potentialAction":[{"@type":"ReadAction","target":["http:\/\/www.ewclick-testing.com.ar\/3pro8975\/sistema-logosofico-de-educacion\/"]}]},{"@type":"BreadcrumbList","@id":"http:\/\/www.ewclick-testing.com.ar\/3pro8975\/sistema-logosofico-de-educacion\/#breadcrumb","itemListElement":[{"@type":"ListItem","position":1,"name":"Portada","item":"http:\/\/www.ewclick-testing.com.ar\/3pro8975\/"},{"@type":"ListItem","position":2,"name":"Sistema Logos\u00f3fico de Educaci\u00f3n"}]},{"@type":"WebSite","@id":"http:\/\/www.ewclick-testing.com.ar\/3pro8975\/#website","url":"http:\/\/www.ewclick-testing.com.ar\/3pro8975\/","name":"Colegio Logos\u00f3fico","description":"Propuesta de educaci&oacute;n basada en la pedagog&iacute;a logos&oacute;fica","publisher":{"@id":"http:\/\/www.ewclick-testing.com.ar\/3pro8975\/#organization"},"potentialAction":[{"@type":"SearchAction","target":{"@type":"EntryPoint","urlTemplate":"http:\/\/www.ewclick-testing.com.ar\/3pro8975\/?s={search_term_string}"},"query-input":{"@type":"PropertyValueSpecification","valueRequired":true,"valueName":"search_term_string"}}],"inLanguage":"es"},{"@type":"Organization","@id":"http:\/\/www.ewclick-testing.com.ar\/3pro8975\/#organization","name":"Colegio Logos\u00f3fico","url":"http:\/\/www.ewclick-testing.com.ar\/3pro8975\/","logo":{"@type":"ImageObject","inLanguage":"es","@id":"http:\/\/www.ewclick-testing.com.ar\/3pro8975\/#\/schema\/logo\/image\/","url":"http:\/\/www.ewclick-testing.com.ar\/3pro8975\/wp-content\/uploads\/2023\/05\/logo.png","contentUrl":"http:\/\/www.ewclick-testing.com.ar\/3pro8975\/wp-content\/uploads\/2023\/05\/logo.png","width":4382,"height":970,"caption":"Colegio Logos\u00f3fico"},"image":{"@id":"http:\/\/www.ewclick-testing.com.ar\/3pro8975\/#\/schema\/logo\/image\/"},"sameAs":["https:\/\/www.facebook.com\/ColegioLogosoficoGP","https:\/\/www.instagram.com\/colegiologosofico\/"]}]}},"_links":{"self":[{"href":"http:\/\/www.ewclick-testing.com.ar\/3pro8975\/wp-json\/wp\/v2\/pages\/18"}],"collection":[{"href":"http:\/\/www.ewclick-testing.com.ar\/3pro8975\/wp-json\/wp\/v2\/pages"}],"about":[{"href":"http:\/\/www.ewclick-testing.com.ar\/3pro8975\/wp-json\/wp\/v2\/types\/page"}],"author":[{"embeddable":true,"href":"http:\/\/www.ewclick-testing.com.ar\/3pro8975\/wp-json\/wp\/v2\/users\/1"}],"replies":[{"embeddable":true,"href":"http:\/\/www.ewclick-testing.com.ar\/3pro8975\/wp-json\/wp\/v2\/comments?post=18"}],"version-history":[{"count":49,"href":"http:\/\/www.ewclick-testing.com.ar\/3pro8975\/wp-json\/wp\/v2\/pages\/18\/revisions"}],"predecessor-version":[{"id":247853,"href":"http:\/\/www.ewclick-testing.com.ar\/3pro8975\/wp-json\/wp\/v2\/pages\/18\/revisions\/247853"}],"wp:attachment":[{"href":"http:\/\/www.ewclick-testing.com.ar\/3pro8975\/wp-json\/wp\/v2\/media?parent=18"}],"curies":[{"name":"wp","href":"https:\/\/api.w.org\/{rel}","templated":true}]}}