{"id":245370,"date":"2023-04-05T15:14:48","date_gmt":"2023-04-05T18:14:48","guid":{"rendered":"http:\/\/www.ewclick-testing.com.ar\/3pro8975\/?page_id=245370"},"modified":"2023-12-26T14:46:08","modified_gmt":"2023-12-26T17:46:08","slug":"pedagogia-logosofica","status":"publish","type":"page","link":"http:\/\/www.ewclick-testing.com.ar\/3pro8975\/pedagogia-logosofica\/","title":{"rendered":"Pedagog\u00eda Logos\u00f3fica"},"content":{"rendered":"\n[et_pb_section fb_built=\"1&#8243; _builder_version=\"4.19.1&#8243; _module_preset=\"default\" custom_padding=\"||53px|||\" global_colors_info=\"{}\" da_is_popup=\"off\" da_exit_intent=\"off\" da_has_close=\"on\" da_alt_close=\"off\" da_dark_close=\"off\" da_not_modal=\"on\" da_is_singular=\"off\" da_with_loader=\"off\" da_has_shadow=\"on\" da_disable_devices=\"off|off|off\"][et_pb_row module_class=\"frx\" _builder_version=\"4.19.1&#8243; _module_preset=\"default\" min_height=\"93px\" custom_margin=\"|auto||auto|true|false\" custom_padding=\"2px||17px|||\" global_colors_info=\"{}\"][et_pb_column type=\"4_4&#8243; _builder_version=\"4.19.1&#8243; _module_preset=\"default\" global_colors_info=\"{}\"][et_pb_image src=\"http:\/\/www.ewclick-testing.com.ar\/3pro8975\/wp-content\/uploads\/2023\/04\/mu2.png\" title_text=\"mu2&#8243; align=\"center\" _builder_version=\"4.23.1&#8243; _module_preset=\"default\" hover_enabled=\"0&#8243; global_colors_info=\"{}\" sticky_enabled=\"0&#8243;][\/et_pb_image][et_pb_text _builder_version=\"4.23.1&#8243; _module_preset=\"default\" text_font=\"Open Sans||||||||\" text_text_color=\"#E02B20&#8243; header_text_color=\"#A4E237&#8243; header_font_size=\"11px\" header_letter_spacing=\"5px\" header_3_text_color=\"#E09900&#8243; min_height=\"3px\" custom_margin=\"||2px|||\" custom_padding=\"3px||0px|||\" hover_enabled=\"0&#8243; global_colors_info=\"{}\" sticky_enabled=\"0&#8243;]<p style=\"text-align: center;\"><p1 style=\"text-align: center;\"><span style=\"color: #12326e;\"><strong>PEDAGOG\u00cdA LOGOS\u00d3FICA<\/strong><\/span><\/p1><\/p>[\/et_pb_text][et_pb_text _builder_version=\"4.23.1&#8243; _module_preset=\"default\" text_font=\"Open Sans||||||||\" text_text_color=\"#12326E\" text_font_size=\"25px\" text_letter_spacing=\"1px\" min_height=\"3px\" custom_margin=\"-11px||2px|||\" custom_padding=\"19px|||||\" hover_enabled=\"0&#8243; global_colors_info=\"{}\" sticky_enabled=\"0&#8243;]<h1 style=\"text-align: center;\"><span style=\"color: #12326e;\"><strong>PEDAGOG\u00cdA LOGOS\u00d3FICA<\/strong><\/span><\/h1>\n[\/et_pb_text][\/et_pb_column][\/et_pb_row][\/et_pb_section][et_pb_section fb_built=\"1&#8243; _builder_version=\"4.20.4&#8243; _module_preset=\"default\" background_color=\"#8300E9&#8243; custom_margin=\"134px|||||\" custom_padding=\"24px||180px|||\" global_colors_info=\"{}\" da_is_popup=\"off\" da_exit_intent=\"off\" da_has_close=\"on\" da_alt_close=\"off\" da_dark_close=\"off\" da_not_modal=\"on\" da_is_singular=\"off\" da_with_loader=\"off\" da_has_shadow=\"on\" da_disable_devices=\"off|off|off\"][et_pb_row _builder_version=\"4.19.1&#8243; _module_preset=\"default\" global_colors_info=\"{}\"][et_pb_column type=\"4_4&#8243; _builder_version=\"4.19.1&#8243; _module_preset=\"default\" global_colors_info=\"{}\"][et_pb_image src=\"http:\/\/www.ewclick-testing.com.ar\/3pro8975\/wp-content\/uploads\/2023\/01\/2.jpg\" title_text=\"2&#8243; align=\"center\" module_class=\"ret\" _builder_version=\"4.19.1&#8243; _module_preset=\"default\" width=\"100%\" custom_margin=\"-190px|||||\" border_radii=\"on|8px|8px|8px|8px\" box_shadow_style=\"preset1&#8243; box_shadow_blur=\"20px\" box_shadow_color=\"rgba(18,50,110,0.14)\" global_colors_info=\"{}\"][\/et_pb_image][\/et_pb_column][\/et_pb_row][et_pb_row _builder_version=\"4.19.1&#8243; _module_preset=\"default\" custom_margin=\"|auto||auto|false|false\" custom_padding=\"15px||4px|||\" global_colors_info=\"{}\"][et_pb_column type=\"4_4&#8243; _builder_version=\"4.19.1&#8243; _module_preset=\"default\" global_colors_info=\"{}\"][et_pb_text module_class=\"jkl\" _builder_version=\"4.23.1&#8243; _module_preset=\"default\" text_font=\"Open Sans|700|||||||\" text_text_color=\"#12326E\" text_font_size=\"18px\" text_orientation=\"center\" custom_margin=\"||||false|false\" custom_padding=\"||0px|||\" hover_enabled=\"0&#8243; text_line_height_tablet=\"\" text_line_height_phone=\"1em\" text_line_height_last_edited=\"on|phone\" locked=\"off\" global_colors_info=\"{}\" sticky_enabled=\"0&#8243;]<h2><span style=\"color: #99cc00;\">CONOZCA UN POCO SOBRE LA PEDAGOG\u00cdA LOGOS\u00d3FICA<\/span><\/h2>[\/et_pb_text][\/et_pb_column][\/et_pb_row][et_pb_row column_structure=\"1_2,1_2&#8243; _builder_version=\"4.19.1&#8243; _module_preset=\"default\" custom_margin=\"11px|auto||auto||\" custom_padding=\"32px|||||\" global_colors_info=\"{}\"][et_pb_column type=\"1_2&#8243; _builder_version=\"4.19.1&#8243; _module_preset=\"default\" global_colors_info=\"{}\"][et_pb_text _builder_version=\"4.20.4&#8243; _module_preset=\"default\" text_line_height=\"1.6em\" custom_margin=\"5px||||false|false\" global_colors_info=\"{}\"]<h1 style=\"text-align: justify;\"><span style=\"font-size: 20px; color: #99cc00;\"><strong>\u2022 Origen y Base:<\/strong><\/span><\/h1>\n<p style=\"text-align: justify;\"><span style=\"color: #ffffff;\">La Pedagog\u00eda Logos\u00f3fica tiene su origen en la Logosof\u00eda, ciencia creada por el educador y humanista argentino Carlos Bernardo Gonz\u00e1lez Pecotche, que presenta una clara concepci\u00f3n del ser humano, del Universo y de las Leyes que rigen toda la Creaci\u00f3n.<\/span><\/p>[\/et_pb_text][et_pb_text _builder_version=\"4.20.4&#8243; _module_preset=\"default\" text_line_height=\"1.6em\" custom_margin=\"3px|||||\" custom_padding=\"2px|||||\" global_colors_info=\"{}\"]<h1><span style=\"font-size: 20px; color: #99cc00;\"><strong>\u2022 Proyecci\u00f3n:<\/strong><\/span><\/h1>\n<p style=\"text-align: justify;\"><span style=\"color: #ffffff;\">Educa para la vida consciente y promueve el autoconocimiento y el desarrollo biopsico-espiritual. Como resultado de la acci\u00f3n conjunta de saberes y afectos, va m\u00e1s all\u00e1 de la formaci\u00f3n curricular y favorece el cultivo de valores permanentes para la vida.<\/span><\/p>[\/et_pb_text][et_pb_text _builder_version=\"4.20.4&#8243; _module_preset=\"default\" text_line_height=\"1.6em\" custom_margin=\"3px||15px|||\" custom_padding=\"0px|||||\" global_colors_info=\"{}\"]<h1><span style=\"font-size: 20px; color: #99cc00;\"><strong>\u2022 Resultados:<\/strong><\/span><\/h1>\n<p style=\"text-align: justify;\"><span style=\"color: #ffffff;\">Su aplicaci\u00f3n da como resultado gradualmente individuos m\u00e1s libres y felices, responsables, seguros de s\u00ed mismos y con defensas mentales que les ofrecen recursos para inmunizarse contra los males que aquejan a la humanidad, aprendiendo a hacer el bien conscientemente.<\/span><\/p>[\/et_pb_text][\/et_pb_column][et_pb_column type=\"1_2&#8243; _builder_version=\"4.19.1&#8243; _module_preset=\"default\" global_colors_info=\"{}\"][et_pb_text _builder_version=\"4.20.4&#8243; _module_preset=\"default\" text_line_height=\"1.8em\" custom_margin=\"||||false|false\" custom_padding=\"||||false|false\" global_colors_info=\"{}\"]<h1><span style=\"font-size: 20px; color: #99cc00;\"><strong>\u2022 Misi\u00f3n:<\/strong><\/span><\/h1>\n<p style=\"text-align: justify;\"><span style=\"color: #ffffff;\">Ofrecer a los ni\u00f1os y j\u00f3venes, mediante la pedagog\u00eda logos\u00f3fica, apoyos y conocimientos que favorezcan el pleno desarrollo de sus aptitudes f\u00edsicas, mentales, morales y espirituales, formando las bases de una nueva humanidad, m\u00e1s consciente de su responsabilidad hacia su propia vida, la sociedad en que vive y ante el mundo.<\/span><\/p>[\/et_pb_text][et_pb_text _builder_version=\"4.20.4&#8243; _module_preset=\"default\" text_line_height=\"1.8em\" custom_margin=\"3px|||||\" custom_padding=\"0px|||||\" global_colors_info=\"{}\"]<h1><span style=\"font-size: 20px; color: #99cc00;\"><strong>\u2022 Aplicaci\u00f3n:<\/strong><\/span><\/h1>\n<p style=\"text-align: justify;\"><span style=\"color: #ffffff;\">Con la aplicaci\u00f3n del m\u00e9todo logos\u00f3fico, el maestro puede realizar un proceso de evoluci\u00f3n consciente, y el alumno, un proceso de superaci\u00f3n. En un ambiente favorable a la superaci\u00f3n, el ser descubre su mundo interior, aprende a identificar y seleccionar pensamientos, cultiva sentimientos y dilata la vida.<\/span><\/p>[\/et_pb_text][\/et_pb_column][\/et_pb_row][et_pb_row _builder_version=\"4.19.1&#8243; _module_preset=\"default\" custom_padding=\"38px|||||\" global_colors_info=\"{}\"][et_pb_column type=\"4_4&#8243; _builder_version=\"4.19.1&#8243; _module_preset=\"default\" global_colors_info=\"{}\"][et_pb_button button_url=\"http:\/\/www.ewclick-testing.com.ar\/3pro8975\/wp-content\/uploads\/2023\/04\/CONCEPCIONES.pdf\" url_new_window=\"on\" button_text=\"CONCEPCIONES DEL PROCESO EDUCATIVO SEG\u00daN LA PEDAGOG\u00cdA LOGOS\u00d3FICA\" button_alignment=\"center\" button_alignment_tablet=\"\" button_alignment_phone=\"center\" button_alignment_last_edited=\"on|phone\" module_class=\"boton2&#8243; _builder_version=\"4.20.4&#8243; _module_preset=\"default\" custom_button=\"on\" button_text_size=\"12px\" button_text_color=\"#8300E9&#8243; button_bg_color=\"#A4E237&#8243; button_border_width=\"0px\" button_border_color=\"#12326E\" button_border_radius=\"100px\" button_letter_spacing=\"1px\" button_font=\"Roboto|700||on|||||\" button_use_icon=\"off\" custom_margin=\"||49px||false|false\" custom_padding=\"15px|30px|15px|30px|true|false\" button_text_size_tablet=\"12px\" button_text_size_phone=\"11px\" button_text_size_last_edited=\"on|phone\" locked=\"off\" global_colors_info=\"{}\"][\/et_pb_button][et_pb_button button_url=\"http:\/\/www.ewclick-testing.com.ar\/3pro8975\/wp-content\/uploads\/2023\/03\/PDF-Brochure-Pedagogia-Logosofica-2013-1.pdf\" url_new_window=\"on\" button_text=\"Brochure Pedagog\u00eda Logos\u00f3fica\" button_alignment=\"center\" button_alignment_tablet=\"\" button_alignment_phone=\"center\" button_alignment_last_edited=\"on|phone\" module_class=\"boton2&#8243; _builder_version=\"4.20.4&#8243; _module_preset=\"default\" custom_button=\"on\" button_text_size=\"12px\" button_text_color=\"#8300E9&#8243; button_bg_color=\"#A4E237&#8243; button_border_width=\"0px\" button_border_color=\"#12326E\" button_border_radius=\"100px\" button_letter_spacing=\"1px\" button_font=\"Roboto|700||on|||||\" button_use_icon=\"off\" custom_margin=\"||49px||false|false\" custom_padding=\"15px|30px|15px|30px|true|false\" button_text_size_tablet=\"12px\" button_text_size_phone=\"11px\" button_text_size_last_edited=\"on|phone\" locked=\"off\" global_colors_info=\"{}\"][\/et_pb_button][\/et_pb_column][\/et_pb_row][\/et_pb_section]\n","protected":false},"excerpt":{"rendered":"<p>PEDAGOG\u00cdA LOGOS\u00d3FICAPEDAGOG\u00cdA LOGOS\u00d3FICA CONOZCA UN POCO SOBRE LA PEDAGOG\u00cdA LOGOS\u00d3FICA\u2022 Origen y Base: La Pedagog\u00eda Logos\u00f3fica tiene su origen en la Logosof\u00eda, ciencia creada por el educador y humanista argentino Carlos Bernardo Gonz\u00e1lez Pecotche, que presenta una clara concepci\u00f3n del ser humano, del Universo y de las Leyes que rigen toda la Creaci\u00f3n.\u2022 Proyecci\u00f3n: Educa [&hellip;]<\/p>\n","protected":false},"author":1,"featured_media":0,"parent":0,"menu_order":0,"comment_status":"closed","ping_status":"closed","template":"","meta":{"_et_pb_use_builder":"on","_et_pb_old_content":"","_et_gb_content_width":"","footnotes":""},"class_list":["post-245370","page","type-page","status-publish","hentry"],"yoast_head":"<!-- This site is optimized with the Yoast SEO plugin v25.6 - https:\/\/yoast.com\/wordpress\/plugins\/seo\/ -->\n<title>Pedagog\u00eda Logos\u00f3fica | Sistema Logos&oacute;fico de Educaci&oacute;n<\/title>\n<meta name=\"description\" content=\"La Pedagog\u00eda Logos\u00f3fica tiene su origen en la Logosof\u00eda, ciencia creada por el educador y humanista argentino Carlos Gonz\u00e1lez Pecotche,\" \/>\n<meta name=\"robots\" content=\"index, follow, max-snippet:-1, max-image-preview:large, max-video-preview:-1\" \/>\n<link rel=\"canonical\" href=\"http:\/\/www.ewclick-testing.com.ar\/3pro8975\/pedagogia-logosofica\/\" \/>\n<meta property=\"og:locale\" content=\"es_ES\" \/>\n<meta property=\"og:type\" content=\"article\" \/>\n<meta property=\"og:title\" content=\"Pedagog\u00eda Logos\u00f3fica | Sistema Logos&oacute;fico de Educaci&oacute;n\" \/>\n<meta property=\"og:description\" content=\"La Pedagog\u00eda Logos\u00f3fica tiene su origen en la Logosof\u00eda, ciencia creada por el educador y humanista argentino Carlos Gonz\u00e1lez Pecotche,\" \/>\n<meta property=\"og:url\" content=\"http:\/\/www.ewclick-testing.com.ar\/3pro8975\/pedagogia-logosofica\/\" \/>\n<meta property=\"og:site_name\" content=\"Sistema Logos&oacute;fico de Educaci&oacute;n\" \/>\n<meta property=\"article:publisher\" content=\"https:\/\/www.facebook.com\/ColegioLogosoficoGP\" \/>\n<meta property=\"article:modified_time\" content=\"2023-12-26T17:46:08+00:00\" \/>\n<meta property=\"og:image\" content=\"http:\/\/www.ewclick-testing.com.ar\/3pro8975\/wp-content\/uploads\/2023\/11\/logo-land.png\" \/>\n\t<meta property=\"og:image:width\" content=\"317\" \/>\n\t<meta property=\"og:image:height\" content=\"70\" \/>\n\t<meta property=\"og:image:type\" content=\"image\/png\" \/>\n<meta name=\"twitter:card\" content=\"summary_large_image\" \/>\n<meta name=\"twitter:label1\" content=\"Tiempo de lectura\" \/>\n\t<meta name=\"twitter:data1\" content=\"2 minutos\" \/>\n<script type=\"application\/ld+json\" class=\"yoast-schema-graph\">{\"@context\":\"https:\/\/schema.org\",\"@graph\":[{\"@type\":\"WebPage\",\"@id\":\"http:\/\/www.ewclick-testing.com.ar\/3pro8975\/pedagogia-logosofica\/\",\"url\":\"http:\/\/www.ewclick-testing.com.ar\/3pro8975\/pedagogia-logosofica\/\",\"name\":\"Pedagog\u00eda Logos\u00f3fica | Sistema Logos&oacute;fico de Educaci&oacute;n\",\"isPartOf\":{\"@id\":\"https:\/\/www.ewclick-testing.com.ar\/3pro8975\/#website\"},\"datePublished\":\"2023-04-05T18:14:48+00:00\",\"dateModified\":\"2023-12-26T17:46:08+00:00\",\"description\":\"La Pedagog\u00eda Logos\u00f3fica tiene su origen en la Logosof\u00eda, ciencia creada por el educador y humanista argentino Carlos Gonz\u00e1lez Pecotche,\",\"breadcrumb\":{\"@id\":\"http:\/\/www.ewclick-testing.com.ar\/3pro8975\/pedagogia-logosofica\/#breadcrumb\"},\"inLanguage\":\"es\",\"potentialAction\":[{\"@type\":\"ReadAction\",\"target\":[\"http:\/\/www.ewclick-testing.com.ar\/3pro8975\/pedagogia-logosofica\/\"]}]},{\"@type\":\"BreadcrumbList\",\"@id\":\"http:\/\/www.ewclick-testing.com.ar\/3pro8975\/pedagogia-logosofica\/#breadcrumb\",\"itemListElement\":[{\"@type\":\"ListItem\",\"position\":1,\"name\":\"Portada\",\"item\":\"http:\/\/www.ewclick-testing.com.ar\/3pro8975\/\"},{\"@type\":\"ListItem\",\"position\":2,\"name\":\"Pedagog\u00eda Logos\u00f3fica\"}]},{\"@type\":\"WebSite\",\"@id\":\"https:\/\/www.ewclick-testing.com.ar\/3pro8975\/#website\",\"url\":\"https:\/\/www.ewclick-testing.com.ar\/3pro8975\/\",\"name\":\"Colegio Logos\u00f3fico\",\"description\":\"Propuesta de educaci&oacute;n basada en la pedagog&iacute;a logos&oacute;fica\",\"publisher\":{\"@id\":\"https:\/\/www.ewclick-testing.com.ar\/3pro8975\/#organization\"},\"potentialAction\":[{\"@type\":\"SearchAction\",\"target\":{\"@type\":\"EntryPoint\",\"urlTemplate\":\"https:\/\/www.ewclick-testing.com.ar\/3pro8975\/?s={search_term_string}\"},\"query-input\":{\"@type\":\"PropertyValueSpecification\",\"valueRequired\":true,\"valueName\":\"search_term_string\"}}],\"inLanguage\":\"es\"},{\"@type\":\"Organization\",\"@id\":\"https:\/\/www.ewclick-testing.com.ar\/3pro8975\/#organization\",\"name\":\"Colegio Logos\u00f3fico\",\"url\":\"https:\/\/www.ewclick-testing.com.ar\/3pro8975\/\",\"logo\":{\"@type\":\"ImageObject\",\"inLanguage\":\"es\",\"@id\":\"https:\/\/www.ewclick-testing.com.ar\/3pro8975\/#\/schema\/logo\/image\/\",\"url\":\"http:\/\/www.ewclick-testing.com.ar\/3pro8975\/wp-content\/uploads\/2023\/05\/logo.png\",\"contentUrl\":\"http:\/\/www.ewclick-testing.com.ar\/3pro8975\/wp-content\/uploads\/2023\/05\/logo.png\",\"width\":4382,\"height\":970,\"caption\":\"Colegio Logos\u00f3fico\"},\"image\":{\"@id\":\"https:\/\/www.ewclick-testing.com.ar\/3pro8975\/#\/schema\/logo\/image\/\"},\"sameAs\":[\"https:\/\/www.facebook.com\/ColegioLogosoficoGP\",\"https:\/\/www.instagram.com\/colegiologosofico\/\"]}]}<\/script>\n<!-- \/ Yoast SEO plugin. -->","yoast_head_json":{"title":"Pedagog\u00eda Logos\u00f3fica | Sistema Logos&oacute;fico de Educaci&oacute;n","description":"La Pedagog\u00eda Logos\u00f3fica tiene su origen en la Logosof\u00eda, ciencia creada por el educador y humanista argentino Carlos Gonz\u00e1lez Pecotche,","robots":{"index":"index","follow":"follow","max-snippet":"max-snippet:-1","max-image-preview":"max-image-preview:large","max-video-preview":"max-video-preview:-1"},"canonical":"http:\/\/www.ewclick-testing.com.ar\/3pro8975\/pedagogia-logosofica\/","og_locale":"es_ES","og_type":"article","og_title":"Pedagog\u00eda Logos\u00f3fica | Sistema Logos&oacute;fico de Educaci&oacute;n","og_description":"La Pedagog\u00eda Logos\u00f3fica tiene su origen en la Logosof\u00eda, ciencia creada por el educador y humanista argentino Carlos Gonz\u00e1lez Pecotche,","og_url":"http:\/\/www.ewclick-testing.com.ar\/3pro8975\/pedagogia-logosofica\/","og_site_name":"Sistema Logos&oacute;fico de Educaci&oacute;n","article_publisher":"https:\/\/www.facebook.com\/ColegioLogosoficoGP","article_modified_time":"2023-12-26T17:46:08+00:00","og_image":[{"width":317,"height":70,"url":"http:\/\/www.ewclick-testing.com.ar\/3pro8975\/wp-content\/uploads\/2023\/11\/logo-land.png","type":"image\/png"}],"twitter_card":"summary_large_image","twitter_misc":{"Tiempo de lectura":"2 minutos"},"schema":{"@context":"https:\/\/schema.org","@graph":[{"@type":"WebPage","@id":"http:\/\/www.ewclick-testing.com.ar\/3pro8975\/pedagogia-logosofica\/","url":"http:\/\/www.ewclick-testing.com.ar\/3pro8975\/pedagogia-logosofica\/","name":"Pedagog\u00eda Logos\u00f3fica | Sistema Logos&oacute;fico de Educaci&oacute;n","isPartOf":{"@id":"https:\/\/www.ewclick-testing.com.ar\/3pro8975\/#website"},"datePublished":"2023-04-05T18:14:48+00:00","dateModified":"2023-12-26T17:46:08+00:00","description":"La Pedagog\u00eda Logos\u00f3fica tiene su origen en la Logosof\u00eda, ciencia creada por el educador y humanista argentino Carlos Gonz\u00e1lez Pecotche,","breadcrumb":{"@id":"http:\/\/www.ewclick-testing.com.ar\/3pro8975\/pedagogia-logosofica\/#breadcrumb"},"inLanguage":"es","potentialAction":[{"@type":"ReadAction","target":["http:\/\/www.ewclick-testing.com.ar\/3pro8975\/pedagogia-logosofica\/"]}]},{"@type":"BreadcrumbList","@id":"http:\/\/www.ewclick-testing.com.ar\/3pro8975\/pedagogia-logosofica\/#breadcrumb","itemListElement":[{"@type":"ListItem","position":1,"name":"Portada","item":"http:\/\/www.ewclick-testing.com.ar\/3pro8975\/"},{"@type":"ListItem","position":2,"name":"Pedagog\u00eda Logos\u00f3fica"}]},{"@type":"WebSite","@id":"https:\/\/www.ewclick-testing.com.ar\/3pro8975\/#website","url":"https:\/\/www.ewclick-testing.com.ar\/3pro8975\/","name":"Colegio Logos\u00f3fico","description":"Propuesta de educaci&oacute;n basada en la pedagog&iacute;a logos&oacute;fica","publisher":{"@id":"https:\/\/www.ewclick-testing.com.ar\/3pro8975\/#organization"},"potentialAction":[{"@type":"SearchAction","target":{"@type":"EntryPoint","urlTemplate":"https:\/\/www.ewclick-testing.com.ar\/3pro8975\/?s={search_term_string}"},"query-input":{"@type":"PropertyValueSpecification","valueRequired":true,"valueName":"search_term_string"}}],"inLanguage":"es"},{"@type":"Organization","@id":"https:\/\/www.ewclick-testing.com.ar\/3pro8975\/#organization","name":"Colegio Logos\u00f3fico","url":"https:\/\/www.ewclick-testing.com.ar\/3pro8975\/","logo":{"@type":"ImageObject","inLanguage":"es","@id":"https:\/\/www.ewclick-testing.com.ar\/3pro8975\/#\/schema\/logo\/image\/","url":"http:\/\/www.ewclick-testing.com.ar\/3pro8975\/wp-content\/uploads\/2023\/05\/logo.png","contentUrl":"http:\/\/www.ewclick-testing.com.ar\/3pro8975\/wp-content\/uploads\/2023\/05\/logo.png","width":4382,"height":970,"caption":"Colegio Logos\u00f3fico"},"image":{"@id":"https:\/\/www.ewclick-testing.com.ar\/3pro8975\/#\/schema\/logo\/image\/"},"sameAs":["https:\/\/www.facebook.com\/ColegioLogosoficoGP","https:\/\/www.instagram.com\/colegiologosofico\/"]}]}},"_links":{"self":[{"href":"http:\/\/www.ewclick-testing.com.ar\/3pro8975\/wp-json\/wp\/v2\/pages\/245370"}],"collection":[{"href":"http:\/\/www.ewclick-testing.com.ar\/3pro8975\/wp-json\/wp\/v2\/pages"}],"about":[{"href":"http:\/\/www.ewclick-testing.com.ar\/3pro8975\/wp-json\/wp\/v2\/types\/page"}],"author":[{"embeddable":true,"href":"http:\/\/www.ewclick-testing.com.ar\/3pro8975\/wp-json\/wp\/v2\/users\/1"}],"replies":[{"embeddable":true,"href":"http:\/\/www.ewclick-testing.com.ar\/3pro8975\/wp-json\/wp\/v2\/comments?post=245370"}],"version-history":[{"count":18,"href":"http:\/\/www.ewclick-testing.com.ar\/3pro8975\/wp-json\/wp\/v2\/pages\/245370\/revisions"}],"predecessor-version":[{"id":247587,"href":"http:\/\/www.ewclick-testing.com.ar\/3pro8975\/wp-json\/wp\/v2\/pages\/245370\/revisions\/247587"}],"wp:attachment":[{"href":"http:\/\/www.ewclick-testing.com.ar\/3pro8975\/wp-json\/wp\/v2\/media?parent=245370"}],"curies":[{"name":"wp","href":"https:\/\/api.w.org\/{rel}","templated":true}]}}