{"id":38,"date":"2022-11-28T17:13:44","date_gmt":"2022-11-28T20:13:44","guid":{"rendered":"http:\/\/www.ewclick-testing.com.ar\/3pro8975\/?page_id=38"},"modified":"2023-12-26T13:37:08","modified_gmt":"2023-12-26T16:37:08","slug":"contactanos","status":"publish","type":"page","link":"http:\/\/www.ewclick-testing.com.ar\/3pro8975\/contactanos\/","title":{"rendered":"Contactanos"},"content":{"rendered":"\n[et_pb_section fb_built=\"1&#8243; _builder_version=\"4.19.1&#8243; _module_preset=\"default\" custom_padding=\"||6px|||\" global_colors_info=\"{}\" da_is_popup=\"off\" da_exit_intent=\"off\" da_has_close=\"on\" da_alt_close=\"off\" da_dark_close=\"off\" da_not_modal=\"on\" da_is_singular=\"off\" da_with_loader=\"off\" da_has_shadow=\"on\" da_disable_devices=\"off|off|off\"][et_pb_row _builder_version=\"4.19.1&#8243; _module_preset=\"default\" min_height=\"93px\" custom_margin=\"-15px|auto|-15px|auto|true|\" custom_padding=\"15px||17px|||\" global_colors_info=\"{}\"][et_pb_column type=\"4_4&#8243; _builder_version=\"4.19.1&#8243; _module_preset=\"default\" global_colors_info=\"{}\"][et_pb_image src=\"http:\/\/www.ewclick-testing.com.ar\/3pro8975\/wp-content\/uploads\/2023\/04\/av.png\" title_text=\"av\" align=\"center\" _builder_version=\"4.23.1&#8243; _module_preset=\"default\" max_width=\"11%\" custom_margin=\"||9px|||\" hover_enabled=\"0&#8243; global_colors_info=\"{}\" sticky_enabled=\"0&#8243;][\/et_pb_image][et_pb_text _builder_version=\"4.23.1&#8243; _module_preset=\"default\" text_font=\"Open Sans||||||||\" text_text_color=\"#E02B20&#8243; text_letter_spacing=\"-1px\" header_text_color=\"#A4E237&#8243; header_font_size=\"11px\" header_letter_spacing=\"3px\" header_3_text_color=\"#E09900&#8243; min_height=\"3px\" custom_margin=\"||0px||false|false\" custom_padding=\"3px||0px||false|false\" hover_enabled=\"0&#8243; global_colors_info=\"{}\" sticky_enabled=\"0&#8243;]<p style=\"text-align: center;\"><span style=\"color: #12326e;\"><strong>FORMULARIO Y DATOS<\/strong><\/span><\/p>[\/et_pb_text][et_pb_text _builder_version=\"4.23.1&#8243; _module_preset=\"default\" text_font=\"Open Sans||||||||\" text_text_color=\"#12326E\" text_letter_spacing=\"1px\" min_height=\"3px\" custom_margin=\"-11px||2px|||\" custom_padding=\"13px|||||\" hover_enabled=\"0&#8243; global_colors_info=\"{}\" sticky_enabled=\"0&#8243;]<h1 style=\"text-align: center;\"><span style=\"color: #12326e;\"><strong>CONTACTO<\/strong><\/span><\/h1>\n<h1 style=\"text-align: center;\"><\/h1>[\/et_pb_text][et_pb_text _builder_version=\"4.23.1&#8243; _module_preset=\"default\" text_font_size=\"16px\" text_orientation=\"center\" hover_enabled=\"0&#8243; global_colors_info=\"{}\" sticky_enabled=\"0&#8243;]<p>Su opini\u00f3n es muy importante para que cada vez podamos brindar servicios de calidad dentro de los est\u00e1ndares esperados por nuestros padres y estudiantes.<\/p>[\/et_pb_text][\/et_pb_column][\/et_pb_row][\/et_pb_section][et_pb_section fb_built=\"1&#8243; admin_label=\"FAQ\" _builder_version=\"4.19.1&#8243; background_color=\"RGBA(255,255,255,0)\" custom_margin=\"||||false|false\" custom_padding=\"19px||19px||true|false\" border_radii=\"||15vw||\" global_colors_info=\"{}\" da_is_popup=\"off\" da_exit_intent=\"off\" da_has_close=\"on\" da_alt_close=\"off\" da_dark_close=\"off\" da_not_modal=\"on\" da_is_singular=\"off\" da_with_loader=\"off\" da_has_shadow=\"on\" da_disable_devices=\"off|off|off\"][et_pb_row column_structure=\"2_3,1_3&#8243; _builder_version=\"4.16&#8243; custom_margin=\"-10px|auto||auto||\" custom_padding=\"3px||131px|||\" global_colors_info=\"{}\"][et_pb_column type=\"2_3&#8243; _builder_version=\"4.16&#8243; custom_padding=\"|||\" global_colors_info=\"{}\" custom_padding__hover=\"|||\"][dvppl_cf7_styler form_bg=\"#FFFFFF\" form_padding=\"0px|0px|0px|0px|false|false\" use_form_button_fullwidth=\"on\" cf7=\"242897&#8243; form_field_height=\"41px\" form_field_padding=\"10px|15px|10px|15px|false|false\" form_background_color=\"#FFFFFF\" form_field_spacing=\"0px\" cf7_success_message_bg_color=\"#FFFFFF\" _builder_version=\"4.20.4&#8243; _module_preset=\"default\" custom_submit_button=\"on\" submit_button_text_size=\"16px\" submit_button_text_color=\"#FFFFFF\" submit_button_bg_color=\"#8300E9&#8243; submit_button_border_width=\"0px\" submit_button_font=\"|||on|||||\" submit_button_custom_margin=\"10px||||false|false\" submit_button_custom_padding=\"15px||15px||true|false\" custom_padding=\"29px|73px||||\" border_radii_field=\"on|7px|7px|7px|7px\" global_colors_info=\"{}\"][\/dvppl_cf7_styler][\/et_pb_column][et_pb_column type=\"1_3&#8243; _builder_version=\"4.16&#8243; custom_padding=\"|||\" global_colors_info=\"{}\" custom_padding__hover=\"|||\"][et_pb_text _builder_version=\"4.20.4&#8243; _module_preset=\"default\" text_font=\"Open Sans|700|||||||\" text_text_color=\"#8300E9&#8243; text_font_size=\"18px\" custom_margin=\"||14px|||\" custom_padding=\"||||false|false\" custom_padding_tablet=\"||||false|false\" custom_padding_phone=\"||||false|false\" custom_padding_last_edited=\"on|phone\" hover_enabled=\"0&#8243; global_colors_info=\"{}\" sticky_enabled=\"0&#8243;]<p>\u00bfQu\u00e9 es la Logosof\u00eda?<\/p>[\/et_pb_text][et_pb_image src=\"http:\/\/www.ewclick-testing.com.ar\/3pro8975\/wp-content\/uploads\/2023\/01\/logos.jpg\" title_text=\"logos\" _builder_version=\"4.20.4&#8243; _module_preset=\"default\" custom_margin=\"-1px||24px|||\" border_radii=\"on|6px|6px|6px|6px\" global_colors_info=\"{}\"][\/et_pb_image][et_pb_text _builder_version=\"4.19.1&#8243; _module_preset=\"default\" text_orientation=\"justified\" custom_margin=\"-9px||12px|||\" global_colors_info=\"{}\"]<p>La Logosof\u00eda es una ciencia nueva, que revela conocimientos de naturaleza trascendente y otorga al esp\u00edritu humano la prerrogativa de reinar en la vida del ser que anima. Lleva al hombre al conocimiento de s\u00ed mismo, de Dios, del Universo y de sus leyes eternas.<\/p>[\/et_pb_text][et_pb_text _builder_version=\"4.20.4&#8243; _module_preset=\"default\" text_font=\"|700|||||||\" text_text_color=\"#8300E9&#8243; text_font_size=\"13px\" custom_margin=\"||58px||false|false\" link_option_url=\"https:\/\/logosofia.org.ar\" link_option_url_new_window=\"on\" global_colors_info=\"{}\"]<p>VISITA EL SITIO WEB DE LOGOSOF\u00cdA<\/p>[\/et_pb_text][et_pb_divider color=\"#D6D6D6&#8243; _builder_version=\"4.19.1&#8243; _module_preset=\"default\" global_colors_info=\"{}\"][\/et_pb_divider][et_pb_text _builder_version=\"4.20.4&#8243; _module_preset=\"default\" text_font=\"Open Sans|700|||||||\" text_text_color=\"#ff5b3b\" text_font_size=\"18px\" custom_margin=\"4px||14px|||\" custom_padding=\"3px|||||\" global_colors_info=\"{}\"]<p>Editorial Logos\u00f3fica<\/p>[\/et_pb_text][et_pb_image src=\"http:\/\/www.ewclick-testing.com.ar\/3pro8975\/wp-content\/uploads\/2023\/01\/edit.jpg\" title_text=\"edit\" _builder_version=\"4.19.1&#8243; _module_preset=\"default\" custom_margin=\"-1px||24px|||\" border_radii=\"on|6px|6px|6px|6px\" global_colors_info=\"{}\"][\/et_pb_image][et_pb_text _builder_version=\"4.20.4&#8243; _module_preset=\"default\" text_font=\"|700|||||||\" text_text_color=\"#ff5b3b\" text_font_size=\"13px\" custom_margin=\"||39px||false|false\" link_option_url=\"https:\/\/editoriallogosofica.com.ar\" link_option_url_new_window=\"on\" global_colors_info=\"{}\"]<p>VISITA EL SITIO WEB DE EDITORIAL LOGOS\u00d3FICA<\/p>[\/et_pb_text][\/et_pb_column][\/et_pb_row][\/et_pb_section]\n","protected":false},"excerpt":{"rendered":"<p>FORMULARIO Y DATOSCONTACTO Su opini\u00f3n es muy importante para que cada vez podamos brindar servicios de calidad dentro de los est\u00e1ndares esperados por nuestros padres y estudiantes.<div class=\"et_pb_module dvppl_cf7_styler dvppl_cf7_styler_0\">\n\t\t\t\t\n\t\t\t\t\n\t\t\t\t\n\t\t\t\t\n\t\t\t\t\n\t\t\t\t\n\t\t\t\t<div class=\"et_pb_module_inner\">\n\t\t\t\t\t<div class=\"dipe-cf7-container dipe-cf7-button-fullwidth\">\n\t\t\t\t\n\t\t\t\t<div class=\"dipe-cf7 dipe-cf7-styler \">\n\t\t\t\t\t\n<div class=\"wpcf7 no-js\" id=\"wpcf7-f242897-o1\" lang=\"es-ES\" dir=\"ltr\" data-wpcf7-id=\"242897\">\n<div class=\"screen-reader-response\"><p role=\"status\" aria-live=\"polite\" aria-atomic=\"true\"><\/p> <ul><\/ul><\/div>\n<form action=\"\/3pro8975\/wp-json\/wp\/v2\/pages\/38#wpcf7-f242897-o1\" method=\"post\" class=\"wpcf7-form init\" aria-label=\"Formulario de contacto\" novalidate=\"novalidate\" data-status=\"init\">\n<div style=\"display: none;\">\n<input type=\"hidden\" name=\"_wpcf7\" value=\"242897\" \/>\n<input type=\"hidden\" name=\"_wpcf7_version\" value=\"6.0.2\" \/>\n<input type=\"hidden\" name=\"_wpcf7_locale\" value=\"es_ES\" \/>\n<input type=\"hidden\" name=\"_wpcf7_unit_tag\" value=\"wpcf7-f242897-o1\" \/>\n<input type=\"hidden\" name=\"_wpcf7_container_post\" value=\"0\" \/>\n<input type=\"hidden\" name=\"_wpcf7_posted_data_hash\" value=\"\" \/>\n<input type=\"hidden\" name=\"_wpcf7_recaptcha_response\" value=\"\" \/>\n<\/div>\n<label> Nombre* \n    <span class=\"wpcf7-form-control-wrap\" data-name=\"your-name\"><input size=\"40\" maxlength=\"400\" class=\"wpcf7-form-control wpcf7-text wpcf7-validates-as-required\" autocomplete=\"name\" aria-required=\"true\" aria-invalid=\"false\" value=\"\" type=\"text\" name=\"your-name\" \/><\/span> <\/label>\n\n<label> E-Mail* \n    <span class=\"wpcf7-form-control-wrap\" data-name=\"your-email\"><input size=\"40\" maxlength=\"400\" class=\"wpcf7-form-control wpcf7-email wpcf7-validates-as-required wpcf7-text wpcf7-validates-as-email\" autocomplete=\"email\" aria-required=\"true\" aria-invalid=\"false\" value=\"\" type=\"email\" name=\"your-email\" \/><\/span> <\/label>\n\n<label> Tel\u00e9fono\n    <span class=\"wpcf7-form-control-wrap\" data-name=\"your-number\"><input size=\"40\" maxlength=\"400\" class=\"wpcf7-form-control wpcf7-tel wpcf7-text wpcf7-validates-as-tel\" autocomplete=\"tel\" aria-invalid=\"false\" value=\"\" type=\"tel\" name=\"your-number\" \/><\/span> <\/label>\n\n<label> Ciudad\n    <span class=\"wpcf7-form-control-wrap\" data-name=\"your-city\"><input size=\"40\" maxlength=\"400\" class=\"wpcf7-form-control wpcf7-text\" autocomplete=\"ciudad\" aria-invalid=\"false\" value=\"\" type=\"text\" name=\"your-city\" \/><\/span> <\/label>\n\n<label> Sede de Destino* : <span class=\"wpcf7-form-control-wrap\" data-name=\"Sedes\"><select class=\"wpcf7-form-control wpcf7-select wpcf7-validates-as-required\" aria-required=\"true\" aria-invalid=\"false\" name=\"Sedes\"><option value=\"\">&#8212;Por favor, elige una opci\u00f3n&#8212;<\/option><option value=\"Sede Buenos Aires, Argentina\">Sede Buenos Aires, Argentina<\/option><option value=\"Sede Entre R\u00edos, Paran\u00e1, Argentina\">Sede Entre R\u00edos, Paran\u00e1, Argentina<\/option><\/select><\/span><\/label>\n\n\n<label> Asunto* \n    <span class=\"wpcf7-form-control-wrap\" data-name=\"your-subject\"><input size=\"40\" maxlength=\"400\" class=\"wpcf7-form-control wpcf7-text wpcf7-validates-as-required\" aria-required=\"true\" aria-invalid=\"false\" value=\"\" type=\"text\" name=\"your-subject\" \/><\/span> <\/label>\n\n<label>Mensaje \n    <span class=\"wpcf7-form-control-wrap\" data-name=\"your-message\"><textarea cols=\"40\" rows=\"10\" maxlength=\"2000\" class=\"wpcf7-form-control wpcf7-textarea\" aria-invalid=\"false\" name=\"your-message\"><\/textarea><\/span> <\/label>\n\n<input class=\"wpcf7-form-control wpcf7-submit has-spinner\" type=\"submit\" value=\"Enviar\" \/><div class=\"wpcf7-response-output\" aria-hidden=\"true\"><\/div>\n<\/form>\n<\/div>\n\n\t\t\t\t<\/div>\n\t\t\t<\/div>\n\t\t\t\t<\/div>\n\t\t\t<\/div>\u00bfQu\u00e9 es la Logosof\u00eda?La Logosof\u00eda es una [&hellip;]<\/p>\n","protected":false},"author":1,"featured_media":0,"parent":0,"menu_order":0,"comment_status":"closed","ping_status":"closed","template":"","meta":{"_et_pb_use_builder":"on","_et_pb_old_content":"<!-- wp:divi\/placeholder \/-->","_et_gb_content_width":"","footnotes":""},"class_list":["post-38","page","type-page","status-publish","hentry"],"yoast_head":"<!-- This site is optimized with the Yoast SEO plugin v25.6 - https:\/\/yoast.com\/wordpress\/plugins\/seo\/ -->\n<title>Colegio Logos\u00f3fico | Contacto<\/title>\n<meta name=\"description\" content=\"Su opini\u00f3n es muy importante para que cada vez podamos brindar servicios de calidad dentro de los est\u00e1ndares esperados\" \/>\n<meta name=\"robots\" content=\"index, follow, max-snippet:-1, max-image-preview:large, max-video-preview:-1\" \/>\n<link rel=\"canonical\" href=\"http:\/\/www.ewclick-testing.com.ar\/3pro8975\/contactanos\/\" \/>\n<meta property=\"og:locale\" content=\"es_ES\" \/>\n<meta property=\"og:type\" content=\"article\" \/>\n<meta property=\"og:title\" content=\"Colegio Logos\u00f3fico | Contacto\" \/>\n<meta property=\"og:description\" content=\"Su opini\u00f3n es muy importante para que cada vez podamos brindar servicios de calidad dentro de los est\u00e1ndares esperados\" \/>\n<meta property=\"og:url\" content=\"http:\/\/www.ewclick-testing.com.ar\/3pro8975\/contactanos\/\" \/>\n<meta property=\"og:site_name\" content=\"Sistema Logos&oacute;fico de Educaci&oacute;n\" \/>\n<meta property=\"article:publisher\" content=\"https:\/\/www.facebook.com\/ColegioLogosoficoGP\" \/>\n<meta property=\"article:modified_time\" content=\"2023-12-26T16:37:08+00:00\" \/>\n<meta property=\"og:image\" content=\"http:\/\/www.ewclick-testing.com.ar\/3pro8975\/wp-content\/uploads\/2023\/11\/logo-land.png\" \/>\n\t<meta property=\"og:image:width\" content=\"317\" \/>\n\t<meta property=\"og:image:height\" content=\"70\" \/>\n\t<meta property=\"og:image:type\" content=\"image\/png\" \/>\n<meta name=\"twitter:card\" content=\"summary_large_image\" \/>\n<meta name=\"twitter:label1\" content=\"Tiempo de lectura\" \/>\n\t<meta name=\"twitter:data1\" content=\"2 minutos\" \/>\n<script type=\"application\/ld+json\" class=\"yoast-schema-graph\">{\"@context\":\"https:\/\/schema.org\",\"@graph\":[{\"@type\":[\"WebPage\",\"ContactPage\"],\"@id\":\"http:\/\/www.ewclick-testing.com.ar\/3pro8975\/contactanos\/\",\"url\":\"http:\/\/www.ewclick-testing.com.ar\/3pro8975\/contactanos\/\",\"name\":\"Colegio Logos\u00f3fico | Contacto\",\"isPartOf\":{\"@id\":\"http:\/\/www.ewclick-testing.com.ar\/3pro8975\/#website\"},\"datePublished\":\"2022-11-28T20:13:44+00:00\",\"dateModified\":\"2023-12-26T16:37:08+00:00\",\"description\":\"Su opini\u00f3n es muy importante para que cada vez podamos brindar servicios de calidad dentro de los est\u00e1ndares esperados\",\"breadcrumb\":{\"@id\":\"http:\/\/www.ewclick-testing.com.ar\/3pro8975\/contactanos\/#breadcrumb\"},\"inLanguage\":\"es\",\"potentialAction\":[{\"@type\":\"ReadAction\",\"target\":[\"http:\/\/www.ewclick-testing.com.ar\/3pro8975\/contactanos\/\"]}]},{\"@type\":\"BreadcrumbList\",\"@id\":\"http:\/\/www.ewclick-testing.com.ar\/3pro8975\/contactanos\/#breadcrumb\",\"itemListElement\":[{\"@type\":\"ListItem\",\"position\":1,\"name\":\"Portada\",\"item\":\"http:\/\/www.ewclick-testing.com.ar\/3pro8975\/\"},{\"@type\":\"ListItem\",\"position\":2,\"name\":\"Contactanos\"}]},{\"@type\":\"WebSite\",\"@id\":\"http:\/\/www.ewclick-testing.com.ar\/3pro8975\/#website\",\"url\":\"http:\/\/www.ewclick-testing.com.ar\/3pro8975\/\",\"name\":\"Colegio Logos\u00f3fico\",\"description\":\"Propuesta de educaci&oacute;n basada en la pedagog&iacute;a logos&oacute;fica\",\"publisher\":{\"@id\":\"http:\/\/www.ewclick-testing.com.ar\/3pro8975\/#organization\"},\"potentialAction\":[{\"@type\":\"SearchAction\",\"target\":{\"@type\":\"EntryPoint\",\"urlTemplate\":\"http:\/\/www.ewclick-testing.com.ar\/3pro8975\/?s={search_term_string}\"},\"query-input\":{\"@type\":\"PropertyValueSpecification\",\"valueRequired\":true,\"valueName\":\"search_term_string\"}}],\"inLanguage\":\"es\"},{\"@type\":\"Organization\",\"@id\":\"http:\/\/www.ewclick-testing.com.ar\/3pro8975\/#organization\",\"name\":\"Colegio Logos\u00f3fico\",\"url\":\"http:\/\/www.ewclick-testing.com.ar\/3pro8975\/\",\"logo\":{\"@type\":\"ImageObject\",\"inLanguage\":\"es\",\"@id\":\"http:\/\/www.ewclick-testing.com.ar\/3pro8975\/#\/schema\/logo\/image\/\",\"url\":\"http:\/\/www.ewclick-testing.com.ar\/3pro8975\/wp-content\/uploads\/2023\/05\/logo.png\",\"contentUrl\":\"http:\/\/www.ewclick-testing.com.ar\/3pro8975\/wp-content\/uploads\/2023\/05\/logo.png\",\"width\":4382,\"height\":970,\"caption\":\"Colegio Logos\u00f3fico\"},\"image\":{\"@id\":\"http:\/\/www.ewclick-testing.com.ar\/3pro8975\/#\/schema\/logo\/image\/\"},\"sameAs\":[\"https:\/\/www.facebook.com\/ColegioLogosoficoGP\",\"https:\/\/www.instagram.com\/colegiologosofico\/\"]}]}<\/script>\n<!-- \/ Yoast SEO plugin. -->","yoast_head_json":{"title":"Colegio Logos\u00f3fico | Contacto","description":"Su opini\u00f3n es muy importante para que cada vez podamos brindar servicios de calidad dentro de los est\u00e1ndares esperados","robots":{"index":"index","follow":"follow","max-snippet":"max-snippet:-1","max-image-preview":"max-image-preview:large","max-video-preview":"max-video-preview:-1"},"canonical":"http:\/\/www.ewclick-testing.com.ar\/3pro8975\/contactanos\/","og_locale":"es_ES","og_type":"article","og_title":"Colegio Logos\u00f3fico | Contacto","og_description":"Su opini\u00f3n es muy importante para que cada vez podamos brindar servicios de calidad dentro de los est\u00e1ndares esperados","og_url":"http:\/\/www.ewclick-testing.com.ar\/3pro8975\/contactanos\/","og_site_name":"Sistema Logos&oacute;fico de Educaci&oacute;n","article_publisher":"https:\/\/www.facebook.com\/ColegioLogosoficoGP","article_modified_time":"2023-12-26T16:37:08+00:00","og_image":[{"width":317,"height":70,"url":"http:\/\/www.ewclick-testing.com.ar\/3pro8975\/wp-content\/uploads\/2023\/11\/logo-land.png","type":"image\/png"}],"twitter_card":"summary_large_image","twitter_misc":{"Tiempo de lectura":"2 minutos"},"schema":{"@context":"https:\/\/schema.org","@graph":[{"@type":["WebPage","ContactPage"],"@id":"http:\/\/www.ewclick-testing.com.ar\/3pro8975\/contactanos\/","url":"http:\/\/www.ewclick-testing.com.ar\/3pro8975\/contactanos\/","name":"Colegio Logos\u00f3fico | Contacto","isPartOf":{"@id":"http:\/\/www.ewclick-testing.com.ar\/3pro8975\/#website"},"datePublished":"2022-11-28T20:13:44+00:00","dateModified":"2023-12-26T16:37:08+00:00","description":"Su opini\u00f3n es muy importante para que cada vez podamos brindar servicios de calidad dentro de los est\u00e1ndares esperados","breadcrumb":{"@id":"http:\/\/www.ewclick-testing.com.ar\/3pro8975\/contactanos\/#breadcrumb"},"inLanguage":"es","potentialAction":[{"@type":"ReadAction","target":["http:\/\/www.ewclick-testing.com.ar\/3pro8975\/contactanos\/"]}]},{"@type":"BreadcrumbList","@id":"http:\/\/www.ewclick-testing.com.ar\/3pro8975\/contactanos\/#breadcrumb","itemListElement":[{"@type":"ListItem","position":1,"name":"Portada","item":"http:\/\/www.ewclick-testing.com.ar\/3pro8975\/"},{"@type":"ListItem","position":2,"name":"Contactanos"}]},{"@type":"WebSite","@id":"http:\/\/www.ewclick-testing.com.ar\/3pro8975\/#website","url":"http:\/\/www.ewclick-testing.com.ar\/3pro8975\/","name":"Colegio Logos\u00f3fico","description":"Propuesta de educaci&oacute;n basada en la pedagog&iacute;a logos&oacute;fica","publisher":{"@id":"http:\/\/www.ewclick-testing.com.ar\/3pro8975\/#organization"},"potentialAction":[{"@type":"SearchAction","target":{"@type":"EntryPoint","urlTemplate":"http:\/\/www.ewclick-testing.com.ar\/3pro8975\/?s={search_term_string}"},"query-input":{"@type":"PropertyValueSpecification","valueRequired":true,"valueName":"search_term_string"}}],"inLanguage":"es"},{"@type":"Organization","@id":"http:\/\/www.ewclick-testing.com.ar\/3pro8975\/#organization","name":"Colegio Logos\u00f3fico","url":"http:\/\/www.ewclick-testing.com.ar\/3pro8975\/","logo":{"@type":"ImageObject","inLanguage":"es","@id":"http:\/\/www.ewclick-testing.com.ar\/3pro8975\/#\/schema\/logo\/image\/","url":"http:\/\/www.ewclick-testing.com.ar\/3pro8975\/wp-content\/uploads\/2023\/05\/logo.png","contentUrl":"http:\/\/www.ewclick-testing.com.ar\/3pro8975\/wp-content\/uploads\/2023\/05\/logo.png","width":4382,"height":970,"caption":"Colegio Logos\u00f3fico"},"image":{"@id":"http:\/\/www.ewclick-testing.com.ar\/3pro8975\/#\/schema\/logo\/image\/"},"sameAs":["https:\/\/www.facebook.com\/ColegioLogosoficoGP","https:\/\/www.instagram.com\/colegiologosofico\/"]}]}},"_links":{"self":[{"href":"http:\/\/www.ewclick-testing.com.ar\/3pro8975\/wp-json\/wp\/v2\/pages\/38"}],"collection":[{"href":"http:\/\/www.ewclick-testing.com.ar\/3pro8975\/wp-json\/wp\/v2\/pages"}],"about":[{"href":"http:\/\/www.ewclick-testing.com.ar\/3pro8975\/wp-json\/wp\/v2\/types\/page"}],"author":[{"embeddable":true,"href":"http:\/\/www.ewclick-testing.com.ar\/3pro8975\/wp-json\/wp\/v2\/users\/1"}],"replies":[{"embeddable":true,"href":"http:\/\/www.ewclick-testing.com.ar\/3pro8975\/wp-json\/wp\/v2\/comments?post=38"}],"version-history":[{"count":37,"href":"http:\/\/www.ewclick-testing.com.ar\/3pro8975\/wp-json\/wp\/v2\/pages\/38\/revisions"}],"predecessor-version":[{"id":247576,"href":"http:\/\/www.ewclick-testing.com.ar\/3pro8975\/wp-json\/wp\/v2\/pages\/38\/revisions\/247576"}],"wp:attachment":[{"href":"http:\/\/www.ewclick-testing.com.ar\/3pro8975\/wp-json\/wp\/v2\/media?parent=38"}],"curies":[{"name":"wp","href":"https:\/\/api.w.org\/{rel}","templated":true}]}}